{"id":4281,"date":"2025-05-16T20:52:06","date_gmt":"2025-05-16T20:52:06","guid":{"rendered":"https:\/\/vivaelafonisi.com\/?page_id=4281"},"modified":"2025-05-16T20:52:11","modified_gmt":"2025-05-16T20:52:11","slug":"regole-della-casa","status":"publish","type":"page","link":"https:\/\/vivaelafonisi.com\/it\/regole-della-casa\/","title":{"rendered":"Regole della Casa"},"content":{"rendered":"\n<h3 class=\"wp-block-heading\">Regole della Casa \u2013 Viva Elafonisi \/ Yalos Studios<\/h3>\n\n\n\n<p>Benvenuto\/a a Viva Elafonisi! Siamo felici di ospitarti e speriamo che il tuo soggiorno sia piacevole. Per garantire un\u2019esperienza positiva per tutti, ti chiediamo gentilmente di seguire queste regole della casa.<\/p>\n\n\n\n<hr class=\"wp-block-separator has-alpha-channel-opacity\"\/>\n\n\n\n<h3 class=\"wp-block-heading\">\u2705 Regole Generali<\/h3>\n\n\n\n<p>\u2714\ufe0f <strong>Rispetta la propriet\u00e0<\/strong> \u2013 Tratta l\u2019alloggio come se fosse casa tua.<br>\u2714\ufe0f <strong>Orari di silenzio<\/strong> \u2013 Dalle 22:00 alle 09:00.<br>\u2714\ufe0f <strong>Feste non consentite<\/strong> \u2013 L\u2019organizzazione di feste o eventi non autorizzati non \u00e8 permessa.<br>\u2714\ufe0f <strong>Fumo<\/strong> \u2013 Vietato fumare all\u2019interno degli alloggi. \u00c8 consentito solo all\u2019esterno.<br>\u2714\ufe0f <strong>Check-in &amp; Check-out<\/strong> \u2013 Il check-in \u00e8 con self check-in, segui le istruzioni inviate. Check-out entro le 11:00.<\/p>\n\n\n\n<hr class=\"wp-block-separator has-alpha-channel-opacity\"\/>\n\n\n\n<h3 class=\"wp-block-heading\">\u23f0 Check-in Anticipato o Check-out Posticipato (facoltativo)<\/h3>\n\n\n\n<p>Se desideri effettuare un check-in anticipato o un check-out posticipato, \u00e8 possibile per alcune propriet\u00e0 (in base alla disponibilit\u00e0 e con un piccolo supplemento).<br>\ud83d\udd17 <strong><a href=\"https:\/\/vivaelafonisi.com\/it\/extend-your-checkout\/\" target=\"_blank\" rel=\"noreferrer noopener\">Clicca qui per i dettagli e la richiesta<\/a><\/strong><\/p>\n\n\n\n<hr class=\"wp-block-separator has-alpha-channel-opacity\"\/>\n\n\n\n<h3 class=\"wp-block-heading\">\ud83d\udd11 Chiavi &amp; Sicurezza<\/h3>\n\n\n\n<p>\ud83d\udd10 <strong>Chiavi perse<\/strong> \u2013 In caso di smarrimento delle chiavi, verr\u00e0 applicata una penale per la sostituzione.<\/p>\n\n\n\n<hr class=\"wp-block-separator has-alpha-channel-opacity\"\/>\n\n\n\n<h3 class=\"wp-block-heading\">\ud83e\uddfc Pulizia &amp; Manutenzione<\/h3>\n\n\n\n<p>\ud83e\uddfd <strong>Lascia pulito<\/strong> \u2013 Ti chiediamo di lasciare l\u2019alloggio in condizioni decorose al momento della partenza.<br>\ud83d\uddd1\ufe0f <strong>Rifiuti<\/strong> \u2013 Ti preghiamo di gettare la spazzatura negli appositi contenitori all\u2019esterno.<br>\ud83e\uddf9 <strong>Pulizie extra<\/strong> \u2013 In caso di pulizie straordinarie richieste, si applica un supplemento di 40\u20ac.<br>\ud83d\udee0\ufe0f <strong>Manutenzione<\/strong> \u2013 In caso di emergenza, potremmo dover accedere alla propriet\u00e0. Ti avviseremo in anticipo quando possibile.<\/p>\n\n\n\n<hr class=\"wp-block-separator has-alpha-channel-opacity\"\/>\n\n\n\n<h3 class=\"wp-block-heading\">\ud83e\udd2b Rispetto del Vicinato<\/h3>\n\n\n\n<p>\ud83d\udd07 <strong>Orari di silenzio<\/strong> \u2013 Dalle 22:00 alle 09:00.<br>\ud83d\udeab <strong>Feste non consentite<\/strong> \u2013 Qualsiasi evento non autorizzato comporter\u00e0 l\u2019annullamento immediato della prenotazione senza rimborso.<\/p>\n\n\n\n<hr class=\"wp-block-separator has-alpha-channel-opacity\"\/>\n\n\n\n<h3 class=\"wp-block-heading\">\ud83c\udf92 Oggetti Smarriti &amp; Deposito Bagagli<\/h3>\n\n\n\n<p>\ud83e\uddf3 <strong>Oggetti dimenticati<\/strong> \u2013 Conserveremo gli oggetti smarriti per 14 giorni. Dopodich\u00e9 potrebbero essere eliminati o donati.<br>\ud83e\uddf3 <strong>Deposito bagagli<\/strong> \u2013 Non disponiamo di deposito bagagli dopo il check-out.<\/p>\n\n\n\n<hr class=\"wp-block-separator has-alpha-channel-opacity\"\/>\n\n\n\n<h3 class=\"wp-block-heading\">\ud83d\udcde Contatti &amp; Assistenza<\/h3>\n\n\n\n<p>Se hai bisogno di supporto durante il soggiorno, puoi contattarci su WhatsApp:<\/p>\n\n\n\n<p>\ud83d\udce9 <strong>Manos<\/strong>: <a href=\"https:\/\/wa.me\/31682549893\" target=\"_blank\" rel=\"noreferrer noopener nofollow\">[Clicca qui]<\/a><br>\ud83d\udce9 <strong>George<\/strong>: <a href=\"https:\/\/wa.me\/31619905908\" target=\"_blank\" rel=\"noreferrer noopener nofollow\">[Clicca qui]<\/a><\/p>\n\n\n\n<hr class=\"wp-block-separator has-alpha-channel-opacity\"\/>\n\n\n\n<p>Utilizzando i nostri alloggi accetti queste regole della casa. In caso di mancato rispetto, potremmo applicare costi aggiuntivi o annullare la prenotazione senza rimborso.<\/p>\n\n\n\n<p>Grazie per la collaborazione \u2014 ti auguriamo una meravigliosa vacanza in Creta! \u2600\ufe0f<\/p>\n\n\n\n<p><br><strong>Il team di Viva Elafonisi<\/strong><\/p>\n","protected":false},"excerpt":{"rendered":"<p>Regole della Casa \u2013 Viva Elafonisi \/ Yalos Studios Benvenuto\/a a Viva Elafonisi! Siamo felici di ospitarti e speriamo che il tuo soggiorno sia piacevole. Per garantire un\u2019esperienza positiva per tutti, ti chiediamo gentilmente di seguire queste regole della casa. \u2705 Regole Generali \u2714\ufe0f Rispetta la propriet\u00e0 \u2013 Tratta l\u2019alloggio come se fosse casa tua.\u2714\ufe0f [&hellip;]<\/p>\n","protected":false},"author":1,"featured_media":0,"parent":0,"menu_order":0,"comment_status":"closed","ping_status":"closed","template":"","meta":{"_acf_changed":false,"_coblocks_attr":"","_coblocks_dimensions":"","_coblocks_responsive_height":"","_coblocks_accordion_ie_support":"","_uag_custom_page_level_css":"","footnotes":""},"class_list":["post-4281","page","type-page","status-publish","hentry"],"acf":[],"uagb_featured_image_src":{"full":false,"thumbnail":false,"medium":false,"medium_large":false,"large":false,"1536x1536":false,"2048x2048":false,"tenweb_optimizer_mobile":false,"tenweb_optimizer_tablet":false},"uagb_author_info":{"display_name":"manos","author_link":"https:\/\/vivaelafonisi.com\/it\/author\/manos\/"},"uagb_comment_info":0,"uagb_excerpt":"Regole della Casa \u2013 Viva Elafonisi \/ Yalos Studios Benvenuto\/a a Viva Elafonisi! Siamo felici di ospitarti e speriamo che il tuo soggiorno sia piacevole. Per garantire un\u2019esperienza positiva per tutti, ti chiediamo gentilmente di seguire queste regole della casa. \u2705 Regole Generali \u2714\ufe0f Rispetta la propriet\u00e0 \u2013 Tratta l\u2019alloggio come se fosse casa tua.\u2714\ufe0f&hellip;","_links":{"self":[{"href":"https:\/\/vivaelafonisi.com\/it\/wp-json\/wp\/v2\/pages\/4281","targetHints":{"allow":["GET"]}}],"collection":[{"href":"https:\/\/vivaelafonisi.com\/it\/wp-json\/wp\/v2\/pages"}],"about":[{"href":"https:\/\/vivaelafonisi.com\/it\/wp-json\/wp\/v2\/types\/page"}],"author":[{"embeddable":true,"href":"https:\/\/vivaelafonisi.com\/it\/wp-json\/wp\/v2\/users\/1"}],"replies":[{"embeddable":true,"href":"https:\/\/vivaelafonisi.com\/it\/wp-json\/wp\/v2\/comments?post=4281"}],"version-history":[{"count":0,"href":"https:\/\/vivaelafonisi.com\/it\/wp-json\/wp\/v2\/pages\/4281\/revisions"}],"wp:attachment":[{"href":"https:\/\/vivaelafonisi.com\/it\/wp-json\/wp\/v2\/media?parent=4281"}],"curies":[{"name":"wp","href":"https:\/\/api.w.org\/{rel}","templated":true}]}}