{"id":4158,"date":"2025-05-15T08:44:44","date_gmt":"2025-05-15T08:44:44","guid":{"rendered":"https:\/\/vivaelafonisi.com\/?page_id=4158"},"modified":"2026-04-22T22:48:37","modified_gmt":"2026-04-22T19:48:37","slug":"extend-your-checkout","status":"publish","type":"page","link":"https:\/\/vivaelafonisi.com\/it\/extend-your-checkout\/","title":{"rendered":"Orari di Check-in e Check-out"},"content":{"rendered":"\n<h3 class=\"wp-block-heading uag-hide-desktop uag-hide-tab uag-hide-mob\"><strong>Avete bisogno di un check-in anticipato o di un check-out posticipato?<\/strong><\/h3>\n\n\n\n<p class=\"uag-hide-desktop uag-hide-tab uag-hide-mob\">Lo capiamo: a volte avete bisogno di un po&#8217; di tempo in pi\u00f9. Il nostro check-in standard \u00e8 alle <strong>02:00 (14:00)<\/strong> e il check-out standard \u00e8 alle <strong>11:00<\/strong> (per gli Yalos Studios check-in:15:00 \/ check-out: 12:00), ma se desiderate fare il check-in prima dalle <strong>09:00<\/strong> o rimanere fino alle <strong>16:00<\/strong>, potete richiedere un <strong>check-in anticipato<\/strong> e\/o un <strong>check-out posticipato<\/strong> <strong>per 12 \u20ac<\/strong> ciascuno.<\/p>\n\n\n\n<p class=\"uag-hide-desktop uag-hide-tab uag-hide-mob\">\u00c8 sufficiente compilare il modulo sottostante. Una volta inviato, riceverete un link per il pagamento. La richiesta viene confermata solo dopo che <strong>il pagamento \u00e8 stato completato<\/strong>.<\/p>\n\n\n\n<div class=\"wp-block-uagb-advanced-heading uagb-block-55548d4d uag-hide-desktop uag-hide-tab uag-hide-mob\"><h2 class=\"uagb-heading-text\">Richiesta di check-in anticipato o check-out ritardato<\/h2><\/div>\n\n\n\n<p class=\"is-style-warning uag-hide-desktop uag-hide-tab uag-hide-mob\">Si prega di notare che il check-in anticipato e il check-out tardivo non sono attualmente disponibili per gli Yalos Studios. Se desiderate richiedere un&#8217;eccezione, <a href=\"https:\/\/vivaelafonisi.com\/it\/contatti\/\" data-type=\"page\" data-id=\"1577\">contattateci direttamente<\/a> con la vostra richiesta.<\/p>\n\n\n\n<p class=\"is-style-info\">Dopo molti anni in cui abbiamo cercato di offrire, quando possibile, il check-in anticipato e il check-out posticipato, purtroppo questa stagione non sar\u00e0 pi\u00f9 possibile. <br><br>A causa di cambiamenti nell\u2019organizzazione delle pulizie, non possiamo pi\u00f9 accogliere richieste al di fuori degli orari standard di check-in e check-out. <br><br>Grazie per la comprensione: questo ci permette di mantenere elevati standard di qualit\u00e0 e pulizia per tutti i nostri ospiti.<\/p>\n","protected":false},"excerpt":{"rendered":"<p>Avete bisogno di un check-in anticipato o di un check-out posticipato? Lo capiamo: a volte avete bisogno di un po&#8217; di tempo in pi\u00f9. Il nostro check-in standard \u00e8 alle 02:00 (14:00) e il check-out standard \u00e8 alle 11:00 (per gli Yalos Studios check-in:15:00 \/ check-out: 12:00), ma se desiderate fare il check-in prima dalle [&hellip;]<\/p>\n","protected":false},"author":1,"featured_media":0,"parent":0,"menu_order":0,"comment_status":"closed","ping_status":"closed","template":"","meta":{"_acf_changed":false,"_coblocks_attr":"","_coblocks_dimensions":"","_coblocks_responsive_height":"","_coblocks_accordion_ie_support":"","_uag_custom_page_level_css":"","footnotes":""},"class_list":["post-4158","page","type-page","status-publish","hentry"],"acf":[],"uagb_featured_image_src":{"full":false,"thumbnail":false,"medium":false,"medium_large":false,"large":false,"1536x1536":false,"2048x2048":false,"tenweb_optimizer_mobile":false,"tenweb_optimizer_tablet":false},"uagb_author_info":{"display_name":"manos","author_link":"https:\/\/vivaelafonisi.com\/it\/author\/manos\/"},"uagb_comment_info":0,"uagb_excerpt":"Avete bisogno di un check-in anticipato o di un check-out posticipato? Lo capiamo: a volte avete bisogno di un po&#8217; di tempo in pi\u00f9. Il nostro check-in standard \u00e8 alle 02:00 (14:00) e il check-out standard \u00e8 alle 11:00 (per gli Yalos Studios check-in:15:00 \/ check-out: 12:00), ma se desiderate fare il check-in prima dalle&hellip;","_links":{"self":[{"href":"https:\/\/vivaelafonisi.com\/it\/wp-json\/wp\/v2\/pages\/4158","targetHints":{"allow":["GET"]}}],"collection":[{"href":"https:\/\/vivaelafonisi.com\/it\/wp-json\/wp\/v2\/pages"}],"about":[{"href":"https:\/\/vivaelafonisi.com\/it\/wp-json\/wp\/v2\/types\/page"}],"author":[{"embeddable":true,"href":"https:\/\/vivaelafonisi.com\/it\/wp-json\/wp\/v2\/users\/1"}],"replies":[{"embeddable":true,"href":"https:\/\/vivaelafonisi.com\/it\/wp-json\/wp\/v2\/comments?post=4158"}],"version-history":[{"count":3,"href":"https:\/\/vivaelafonisi.com\/it\/wp-json\/wp\/v2\/pages\/4158\/revisions"}],"predecessor-version":[{"id":5809,"href":"https:\/\/vivaelafonisi.com\/it\/wp-json\/wp\/v2\/pages\/4158\/revisions\/5809"}],"wp:attachment":[{"href":"https:\/\/vivaelafonisi.com\/it\/wp-json\/wp\/v2\/media?parent=4158"}],"curies":[{"name":"wp","href":"https:\/\/api.w.org\/{rel}","templated":true}]}}