{"id":2277,"date":"2021-08-05T12:31:11","date_gmt":"2021-08-05T12:31:11","guid":{"rendered":"http:\/\/vivaelafonisi.com\/?page_id=2277"},"modified":"2025-05-15T09:56:22","modified_gmt":"2025-05-15T09:56:22","slug":"check-in","status":"publish","type":"page","link":"https:\/\/vivaelafonisi.com\/it\/check-in\/","title":{"rendered":"Check-In"},"content":{"rendered":"\n<div class=\"wp-block-columns is-layout-flex wp-container-core-columns-is-layout-9d6595d7 wp-block-columns-is-layout-flex\">\n<div class=\"wp-block-column is-layout-flow wp-block-column-is-layout-flow\">\n<div class=\"wp-block-uagb-info-box uagb-block-dfa6f52e uagb-infobox__content-wrap  uagb-infobox-icon-above-title uagb-infobox-image-valign-top\"><div class=\"uagb-ifb-content\"><div class=\"uagb-ifb-icon-wrap\"><svg xmlns=\"https:\/\/www.w3.org\/2000\/svg\" viewBox=\"0 0 256 512\"><path d=\"M256 448c0 17.67-14.33 32-32 32H32c-17.67 0-32-14.33-32-32s14.33-32 32-32h64V123.8L49.75 154.6C35.02 164.5 15.19 160.4 5.375 145.8C-4.422 131.1-.4531 111.2 14.25 101.4l96-64c9.828-6.547 22.45-7.187 32.84-1.594C153.5 41.37 160 52.22 160 64.01v352h64C241.7 416 256 430.3 256 448z\"><\/path><\/svg><\/div><div class=\"uagb-ifb-title-wrap\"><h3 class=\"uagb-ifb-title\">Propriet\u00e0 Viva Elafonisi<\/h3><\/div><p class=\"uagb-ifb-desc\">Il check-in inizia alle ore <strong>14:00<\/strong>.<br>Il check-out \u00e8 alle ore <strong>11:00<\/strong>.<br><strong>Il check-in anticipato e il check-out tardivo possono <a href=\"https:\/\/vivaelafonisi.com\/it\/extend-your-checkout\/\" target=\"_blank\" data-type=\"page\" data-id=\"4158\" rel=\"noreferrer noopener\">essere disponibili su richiesta<\/a>.<\/strong><br><\/p><\/div><\/div>\n<\/div>\n\n\n\n<div class=\"wp-block-column is-layout-flow wp-block-column-is-layout-flow\">\n<div class=\"wp-block-uagb-info-box uagb-block-f4fa7513 uagb-infobox__content-wrap  uagb-infobox-icon-above-title uagb-infobox-image-valign-top\"><div class=\"uagb-ifb-content\"><div class=\"uagb-ifb-icon-wrap\"><svg xmlns=\"https:\/\/www.w3.org\/2000\/svg\" viewBox=\"0 0 320 512\"><path d=\"M320 448c0 17.67-14.33 32-32 32H32c-13.08 0-24.83-7.953-29.7-20.09c-4.859-12.12-1.859-26 7.594-35.03l193.6-185.1c31.36-30.17 33.95-80 5.812-113.4c-14.91-17.69-35.86-28.12-58.97-29.38C127.4 95.83 105.3 103.9 88.53 119.9L53.52 151.7c-13.08 11.91-33.33 10.89-45.2-2.172C-3.563 136.5-2.594 116.2 10.48 104.3l34.45-31.3c28.67-27.34 68.39-42.11 108.9-39.88c40.33 2.188 78.39 21.16 104.4 52.03c49.8 59.05 45.2 147.3-10.45 200.8l-136 130H288C305.7 416 320 430.3 320 448z\"><\/path><\/svg><\/div><div class=\"uagb-ifb-title-wrap\"><h3 class=\"uagb-ifb-title\">Yalos Studios<\/h3><\/div><p class=\"uagb-ifb-desc\">Il check-in inizia alle ore <strong>15:00<\/strong>.<br>Il check-out \u00e8 alle ore <strong>12:00<\/strong>.<br><strong>Il check-in anticipato e il check-out tardivo non sono disponibili.<\/strong><\/p><\/div><\/div>\n<\/div>\n<\/div>\n\n\n\n<div class=\"wp-block-columns is-layout-flex wp-container-core-columns-is-layout-9d6595d7 wp-block-columns-is-layout-flex\">\n<div class=\"wp-block-column is-layout-flow wp-block-column-is-layout-flow\">\n<h2 class=\"wp-block-heading\">Istruzioni per il check-in<\/h2>\n\n\n\n<p>Ora non devi preoccuparti dell&#8217;orario di arrivo. Puoi fare il check-in da solo e prendere le tue chiavi dalle cassette delle chiavi che sono installate proprio accanto alla porta della tua stanza.<\/p>\n\n\n\n<p>Indicazioni di Google Maps:<\/p>\n\n\n\n<div class=\"wp-block-buttons is-layout-flex wp-block-buttons-is-layout-flex\">\n<div class=\"wp-block-button is-style-outline is-style-outline--1\"><a class=\"wp-block-button__link has-white-background-color has-text-color has-background no-border-radius wp-element-button\" href=\"https:\/\/g.page\/VivaElafonisi\" style=\"color:#46c1f9\" target=\"_blank\" rel=\"noreferrer noopener nofollow\">Propriet\u00e0 Viva Elafonisi<\/a><\/div>\n\n\n\n<div class=\"wp-block-button is-style-outline is-style-outline--2\"><a class=\"wp-block-button__link has-white-background-color has-text-color has-background no-border-radius wp-element-button\" href=\"https:\/\/maps.app.goo.gl\/mdFwYz5BFJ2cLgK97\" style=\"color:#46c1f9\" target=\"_blank\" rel=\"noreferrer noopener nofollow\">Yalos Studios<\/a><\/div>\n<\/div>\n\n\n\n<hr class=\"wp-block-separator has-css-opacity is-style-wide\"\/>\n\n\n\n<p><strong>Check In &#8211; Carta dell&#8217;elettricit\u00e0 della camera<\/strong><br><br>Riceverete il vostro codice personale della cassetta delle chiavi qualche giorno prima della data del vostro check-in.<\/p>\n\n\n\n<p>Nella cassetta delle chiavi, troverete la vostra chiave e la scheda elettrica della vostra camera. Si prega di non separare queste due. Potete inserire la carta dell&#8217;elettricit\u00e0 nella posizione dedicata dopo essere entrati nella stanza (alla vostra sinistra sul muro). La scheda deve rimanere l\u00ec perch\u00e9 la camera sia elettrificata.<\/p>\n\n\n\n<hr class=\"wp-block-separator has-css-opacity is-style-wide\"\/>\n\n\n\n<p><strong>Istruzioni per il Keybox<\/strong><\/p>\n\n\n\n<p>Per prima cosa cercate la vostra camera controllando il nome nella vostra prenotazione (incluso anche nell&#8217;email\/SMS con le istruzioni per il check-in).<\/p>\n\n\n\n<figure class=\"wp-block-gallery has-nested-images columns-default is-cropped wp-block-gallery-3 is-layout-flex wp-block-gallery-is-layout-flex\">\n<figure class=\"wp-block-image size-large\"><img decoding=\"async\" width=\"768\" height=\"1024\" data-id=\"2261\" src=\"https:\/\/vivaelafonisi.com\/wp-content\/uploads\/2021\/08\/1627905696266-768x1024.jpg\" alt=\"\" class=\"wp-image-2261\" title=\"\" srcset=\"https:\/\/vivaelafonisi.com\/wp-content\/uploads\/2021\/08\/1627905696266-768x1024.jpg 768w, https:\/\/vivaelafonisi.com\/wp-content\/uploads\/2021\/08\/1627905696266-225x300.jpg 225w, https:\/\/vivaelafonisi.com\/wp-content\/uploads\/2021\/08\/1627905696266-1152x1536.jpg 1152w, https:\/\/vivaelafonisi.com\/wp-content\/uploads\/2021\/08\/1627905696266.jpg 750w\" sizes=\"(max-width: 768px) 100vw, 768px\" \/><figcaption class=\"wp-element-caption\">Viva Room<\/figcaption><\/figure>\n\n\n\n<figure class=\"wp-block-image size-large\"><img decoding=\"async\" width=\"768\" height=\"1024\" data-id=\"2257\" src=\"https:\/\/vivaelafonisi.com\/wp-content\/uploads\/2021\/08\/1627905696269-768x1024.jpg\" alt=\"\" class=\"wp-image-2257\" title=\"\" srcset=\"https:\/\/vivaelafonisi.com\/wp-content\/uploads\/2021\/08\/1627905696269-768x1024.jpg 768w, https:\/\/vivaelafonisi.com\/wp-content\/uploads\/2021\/08\/1627905696269-225x300.jpg 225w, https:\/\/vivaelafonisi.com\/wp-content\/uploads\/2021\/08\/1627905696269-1152x1536.jpg 1152w, https:\/\/vivaelafonisi.com\/wp-content\/uploads\/2021\/08\/1627905696269.jpg 750w\" sizes=\"(max-width: 768px) 100vw, 768px\" \/><figcaption class=\"wp-element-caption\">Viva House<\/figcaption><\/figure>\n\n\n\n<figure class=\"wp-block-image size-large\"><img decoding=\"async\" width=\"768\" height=\"1024\" data-id=\"2253\" src=\"https:\/\/vivaelafonisi.com\/wp-content\/uploads\/2021\/08\/1627905696262-768x1024.jpg\" alt=\"\" class=\"wp-image-2253\" title=\"\" srcset=\"https:\/\/vivaelafonisi.com\/wp-content\/uploads\/2021\/08\/1627905696262-768x1024.jpg 768w, https:\/\/vivaelafonisi.com\/wp-content\/uploads\/2021\/08\/1627905696262-225x300.jpg 225w, https:\/\/vivaelafonisi.com\/wp-content\/uploads\/2021\/08\/1627905696262-1152x1536.jpg 1152w, https:\/\/vivaelafonisi.com\/wp-content\/uploads\/2021\/08\/1627905696262.jpg 750w\" sizes=\"(max-width: 768px) 100vw, 768px\" \/><figcaption class=\"wp-element-caption\">Elafonisos Room<\/figcaption><\/figure>\n<\/figure>\n\n\n\n<hr class=\"wp-block-separator has-css-opacity\"\/>\n\n\n\n<ol class=\"wp-block-list\">\n<li>1. Tirare la copertura di plastica dalla parte superiore per scoprire la tastiera<\/li>\n<\/ol>\n\n\n\n<figure class=\"wp-block-image size-large is-resized\"><img decoding=\"async\" width=\"768\" height=\"1024\" src=\"https:\/\/vivaelafonisi.com\/wp-content\/uploads\/2021\/06\/1623405880398-768x1024.jpg\" alt=\"\" class=\"wp-image-2213\" style=\"width:384px;height:512px\" title=\"\" srcset=\"https:\/\/vivaelafonisi.com\/wp-content\/uploads\/2021\/06\/1623405880398-768x1024.jpg 768w, https:\/\/vivaelafonisi.com\/wp-content\/uploads\/2021\/06\/1623405880398-225x300.jpg 225w, https:\/\/vivaelafonisi.com\/wp-content\/uploads\/2021\/06\/1623405880398-1152x1536.jpg 1152w, https:\/\/vivaelafonisi.com\/wp-content\/uploads\/2021\/06\/1623405880398.jpg 750w\" sizes=\"(max-width: 768px) 100vw, 768px\" \/><\/figure>\n\n\n\n<figure class=\"wp-block-image size-large is-resized\"><img decoding=\"async\" width=\"768\" height=\"1024\" src=\"https:\/\/vivaelafonisi.com\/wp-content\/uploads\/2021\/06\/1623405880390-768x1024.jpg\" alt=\"\" class=\"wp-image-2225\" style=\"width:384px;height:512px\" title=\"\" srcset=\"https:\/\/vivaelafonisi.com\/wp-content\/uploads\/2021\/06\/1623405880390-768x1024.jpg 768w, https:\/\/vivaelafonisi.com\/wp-content\/uploads\/2021\/06\/1623405880390-225x300.jpg 225w, https:\/\/vivaelafonisi.com\/wp-content\/uploads\/2021\/06\/1623405880390-1152x1536.jpg 1152w, https:\/\/vivaelafonisi.com\/wp-content\/uploads\/2021\/06\/1623405880390.jpg 750w\" sizes=\"(max-width: 768px) 100vw, 768px\" \/><\/figure>\n\n\n\n<p>2. Usa il codice che hai ricevuto via e-mail ruotando i numeri sulla tastiera.<\/p>\n\n\n\n<p>3. Quando hai impostato il codice corretto, tira la leva nera sulla parte superiore per aprire la scatola.<\/p>\n\n\n\n<figure class=\"wp-block-image size-large is-resized\"><img decoding=\"async\" width=\"768\" height=\"1024\" src=\"https:\/\/vivaelafonisi.com\/wp-content\/uploads\/2021\/06\/1623405880394-768x1024.jpg\" alt=\"\" class=\"wp-image-2229\" style=\"width:384px;height:512px\" title=\"\" srcset=\"https:\/\/vivaelafonisi.com\/wp-content\/uploads\/2021\/06\/1623405880394-768x1024.jpg 768w, https:\/\/vivaelafonisi.com\/wp-content\/uploads\/2021\/06\/1623405880394-225x300.jpg 225w, https:\/\/vivaelafonisi.com\/wp-content\/uploads\/2021\/06\/1623405880394-1152x1536.jpg 1152w, https:\/\/vivaelafonisi.com\/wp-content\/uploads\/2021\/06\/1623405880394.jpg 750w\" sizes=\"(max-width: 768px) 100vw, 768px\" \/><\/figure>\n\n\n\n<figure class=\"wp-block-image size-large is-resized\"><img decoding=\"async\" width=\"768\" height=\"1024\" src=\"https:\/\/vivaelafonisi.com\/wp-content\/uploads\/2021\/06\/1623405880387-768x1024.jpg\" alt=\"\" class=\"wp-image-2233\" style=\"width:384px;height:512px\" title=\"\" srcset=\"https:\/\/vivaelafonisi.com\/wp-content\/uploads\/2021\/06\/1623405880387-768x1024.jpg 768w, https:\/\/vivaelafonisi.com\/wp-content\/uploads\/2021\/06\/1623405880387-225x300.jpg 225w, https:\/\/vivaelafonisi.com\/wp-content\/uploads\/2021\/06\/1623405880387-1152x1536.jpg 1152w, https:\/\/vivaelafonisi.com\/wp-content\/uploads\/2021\/06\/1623405880387.jpg 750w\" sizes=\"(max-width: 768px) 100vw, 768px\" \/><\/figure>\n\n\n\n<p>Questo \u00e8 tutto! Se la scatola non si apre, controlla di aver usato il codice corretto.<\/p>\n\n\n\n<p>In caso di difficolt\u00e0 potete contattarci per telefono o via WhatsApp all&#8217;indirizzo:<\/p>\n\n\n\n<p><a href=\"tel:00306945512424\">+306945512424<\/a> o per e-mail a <a href=\"mailto:info@vivaelafonisi.com\">info@vivaelafonisi.com<\/a><\/p>\n<\/div>\n<\/div>\n","protected":false},"excerpt":{"rendered":"<p>Non devi preoccuparti dell&#8217;orario di arrivo. Puoi effettuare il check-in da solo quando \u00e8 conveniente per te.<\/p>\n","protected":false},"author":1,"featured_media":2228,"parent":0,"menu_order":0,"comment_status":"closed","ping_status":"closed","template":"","meta":{"_acf_changed":false,"_coblocks_attr":"","_coblocks_dimensions":"","_coblocks_responsive_height":"","_coblocks_accordion_ie_support":"","_uag_custom_page_level_css":"","footnotes":""},"class_list":["post-2277","page","type-page","status-publish","has-post-thumbnail","hentry"],"acf":[],"uagb_featured_image_src":{"full":["https:\/\/vivaelafonisi.com\/wp-content\/uploads\/2021\/06\/1623405880390.jpg",750,1000,false],"thumbnail":["https:\/\/vivaelafonisi.com\/wp-content\/uploads\/2021\/06\/1623405880390-150x150.jpg",150,150,true],"medium":["https:\/\/vivaelafonisi.com\/wp-content\/uploads\/2021\/06\/1623405880390-225x300.jpg",225,300,true],"medium_large":["https:\/\/vivaelafonisi.com\/wp-content\/uploads\/2021\/06\/1623405880390-768x1024.jpg",768,1024,true],"large":["https:\/\/vivaelafonisi.com\/wp-content\/uploads\/2021\/06\/1623405880390-768x1024.jpg",768,1024,true],"1536x1536":["https:\/\/vivaelafonisi.com\/wp-content\/uploads\/2021\/06\/1623405880390-1152x1536.jpg",1152,1536,true],"2048x2048":["https:\/\/vivaelafonisi.com\/wp-content\/uploads\/2021\/06\/1623405880390.jpg",750,1000,false],"tenweb_optimizer_mobile":["https:\/\/vivaelafonisi.com\/wp-content\/uploads\/2021\/06\/1623405880390-320x640.jpg",300,600,true],"tenweb_optimizer_tablet":["https:\/\/vivaelafonisi.com\/wp-content\/uploads\/2021\/06\/1623405880390-768x1024.jpg",768,1024,true]},"uagb_author_info":{"display_name":"manos","author_link":"https:\/\/vivaelafonisi.com\/it\/author\/manos\/"},"uagb_comment_info":0,"uagb_excerpt":"Non devi preoccuparti dell'orario di arrivo. Puoi effettuare il check-in da solo quando \u00e8 conveniente per te.","_links":{"self":[{"href":"https:\/\/vivaelafonisi.com\/it\/wp-json\/wp\/v2\/pages\/2277","targetHints":{"allow":["GET"]}}],"collection":[{"href":"https:\/\/vivaelafonisi.com\/it\/wp-json\/wp\/v2\/pages"}],"about":[{"href":"https:\/\/vivaelafonisi.com\/it\/wp-json\/wp\/v2\/types\/page"}],"author":[{"embeddable":true,"href":"https:\/\/vivaelafonisi.com\/it\/wp-json\/wp\/v2\/users\/1"}],"replies":[{"embeddable":true,"href":"https:\/\/vivaelafonisi.com\/it\/wp-json\/wp\/v2\/comments?post=2277"}],"version-history":[{"count":0,"href":"https:\/\/vivaelafonisi.com\/it\/wp-json\/wp\/v2\/pages\/2277\/revisions"}],"wp:featuredmedia":[{"embeddable":true,"href":"https:\/\/vivaelafonisi.com\/it\/wp-json\/wp\/v2\/media\/2228"}],"wp:attachment":[{"href":"https:\/\/vivaelafonisi.com\/it\/wp-json\/wp\/v2\/media?parent=2277"}],"curies":[{"name":"wp","href":"https:\/\/api.w.org\/{rel}","templated":true}]}}