{"id":2275,"date":"2021-08-05T12:15:59","date_gmt":"2021-08-05T12:15:59","guid":{"rendered":"http:\/\/vivaelafonisi.com\/?page_id=2275"},"modified":"2025-05-15T09:52:07","modified_gmt":"2025-05-15T09:52:07","slug":"check-in","status":"publish","type":"page","link":"https:\/\/vivaelafonisi.com\/de\/check-in\/","title":{"rendered":"Check-In"},"content":{"rendered":"\n<div class=\"wp-block-columns is-layout-flex wp-container-core-columns-is-layout-9d6595d7 wp-block-columns-is-layout-flex\">\n<div class=\"wp-block-column is-layout-flow wp-block-column-is-layout-flow\">\n<h2 class=\"wp-block-heading\">Check-In-Anweisungen<\/h2>\n\n\n\n<div class=\"wp-block-columns is-layout-flex wp-container-core-columns-is-layout-9d6595d7 wp-block-columns-is-layout-flex\">\n<div class=\"wp-block-column is-layout-flow wp-block-column-is-layout-flow\">\n<div class=\"wp-block-uagb-info-box uagb-block-dfa6f52e uagb-infobox__content-wrap  uagb-infobox-icon-above-title uagb-infobox-image-valign-top\"><div class=\"uagb-ifb-content\"><div class=\"uagb-ifb-icon-wrap\"><svg xmlns=\"https:\/\/www.w3.org\/2000\/svg\" viewBox=\"0 0 256 512\"><path d=\"M256 448c0 17.67-14.33 32-32 32H32c-17.67 0-32-14.33-32-32s14.33-32 32-32h64V123.8L49.75 154.6C35.02 164.5 15.19 160.4 5.375 145.8C-4.422 131.1-.4531 111.2 14.25 101.4l96-64c9.828-6.547 22.45-7.187 32.84-1.594C153.5 41.37 160 52.22 160 64.01v352h64C241.7 416 256 430.3 256 448z\"><\/path><\/svg><\/div><div class=\"uagb-ifb-title-wrap\"><h3 class=\"uagb-ifb-title\">Viva Elafonisi Immobilien<\/h3><\/div><p class=\"uagb-ifb-desc\">Check-in beginnt um <strong>14:00 Uhr<\/strong><br>Check-out ist um <strong>11:00 Uhr<\/strong><br><strong>Fr\u00fches Einchecken und sp\u00e4tes Auschecken k\u00f6nnen <a href=\"https:\/\/vivaelafonisi.com\/de\/extend-your-checkout\/\" data-type=\"page\" data-id=\"4166\">auf Anfrage m\u00f6glich sein<\/a>.<\/strong><br><\/p><\/div><\/div>\n<\/div>\n\n\n\n<div class=\"wp-block-column is-layout-flow wp-block-column-is-layout-flow\">\n<div class=\"wp-block-uagb-info-box uagb-block-f4fa7513 uagb-infobox__content-wrap  uagb-infobox-icon-above-title uagb-infobox-image-valign-top\"><div class=\"uagb-ifb-content\"><div class=\"uagb-ifb-icon-wrap\"><svg xmlns=\"https:\/\/www.w3.org\/2000\/svg\" viewBox=\"0 0 320 512\"><path d=\"M320 448c0 17.67-14.33 32-32 32H32c-13.08 0-24.83-7.953-29.7-20.09c-4.859-12.12-1.859-26 7.594-35.03l193.6-185.1c31.36-30.17 33.95-80 5.812-113.4c-14.91-17.69-35.86-28.12-58.97-29.38C127.4 95.83 105.3 103.9 88.53 119.9L53.52 151.7c-13.08 11.91-33.33 10.89-45.2-2.172C-3.563 136.5-2.594 116.2 10.48 104.3l34.45-31.3c28.67-27.34 68.39-42.11 108.9-39.88c40.33 2.188 78.39 21.16 104.4 52.03c49.8 59.05 45.2 147.3-10.45 200.8l-136 130H288C305.7 416 320 430.3 320 448z\"><\/path><\/svg><\/div><div class=\"uagb-ifb-title-wrap\"><h3 class=\"uagb-ifb-title\">Yalos Studios<\/h3><\/div><p class=\"uagb-ifb-desc\">Check-in beginnt um <strong>15:00 Uhr<\/strong><br>Check-out ist um <strong>12:00 Uhr<\/strong><br><strong>Fr\u00fches Einchecken und sp\u00e4tes Auschecken nicht m\u00f6glich.<\/strong><\/p><\/div><\/div>\n<\/div>\n<\/div>\n\n\n\n<p>Jetzt m\u00fcssen Sie sich keine Sorgen mehr um Ihre Ankunftszeit machen. Sie k\u00f6nnen selbst einchecken und Ihre Schl\u00fcssel aus den Schl\u00fcsselk\u00e4sten holen, die direkt neben der Zimmert\u00fcr angebracht sind.<\/p>\n\n\n\n<p>Google Maps Wegbeschreibung:<\/p>\n\n\n\n<div class=\"wp-block-buttons is-content-justification-left is-layout-flex wp-container-core-buttons-is-layout-fdcfc74e wp-block-buttons-is-layout-flex\">\n<div class=\"wp-block-button is-style-outline is-style-outline--1\"><a class=\"wp-block-button__link has-white-background-color has-text-color has-background no-border-radius wp-element-button\" href=\"https:\/\/g.page\/VivaElafonisi\" style=\"color:#46c1f9\" target=\"_blank\" rel=\"noreferrer noopener nofollow\">Viva Elafonisi<\/a><\/div>\n\n\n\n<div class=\"wp-block-button is-style-outline is-style-outline--2\"><a class=\"wp-block-button__link has-white-background-color has-text-color has-background no-border-radius wp-element-button\" href=\"https:\/\/maps.app.goo.gl\/mdFwYz5BFJ2cLgK97\" style=\"color:#46c1f9\" target=\"_blank\" rel=\"noreferrer noopener nofollow\">Yalos Studios<\/a><\/div>\n<\/div>\n\n\n\n<hr class=\"wp-block-separator has-css-opacity is-style-wide\"\/>\n\n\n\n<p><strong>Check In &#8211; Zimmer Elektrizit\u00e4tskarte<\/strong><br><br>Sie erhalten Ihren pers\u00f6nlichen Schl\u00fcsselcode einige Tage vor Ihrem Check-in-Datum.<\/p>\n\n\n\n<p>Im Schl\u00fcsselkasten finden Sie Ihren Schl\u00fcssel und die Stromkarte f\u00fcr Ihr Zimmer. Bitte trennen Sie diese beiden nicht. Die Stromkarte k\u00f6nnen Sie nach dem Betreten des Zimmers an der daf\u00fcr vorgesehenen Stelle einstecken (links an der Wand). Die Karte muss dort verbleiben, damit das Zimmer mit Strom versorgt werden kann.<\/p>\n\n\n\n<hr class=\"wp-block-separator has-css-opacity is-style-wide\"\/>\n\n\n\n<p><strong>Anleitung f\u00fcr den Schl\u00fcsselkasten<\/strong><\/p>\n\n\n\n<p>Suchen Sie zun\u00e4chst Ihr Zimmer, indem Sie den Namen in Ihrer Reservierung \u00fcberpr\u00fcfen (auch in der E-Mail\/SMS mit den Check-in-Anweisungen enthalten).<\/p>\n\n\n\n<figure class=\"wp-block-gallery has-nested-images columns-default is-cropped wp-block-gallery-3 is-layout-flex wp-block-gallery-is-layout-flex\">\n<figure class=\"wp-block-image size-large\"><img decoding=\"async\" width=\"768\" height=\"1024\" data-id=\"2261\" src=\"https:\/\/vivaelafonisi.com\/wp-content\/uploads\/2021\/08\/1627905696266-768x1024.jpg\" alt=\"\" class=\"wp-image-2261\" title=\"\" srcset=\"https:\/\/vivaelafonisi.com\/wp-content\/uploads\/2021\/08\/1627905696266-768x1024.jpg 768w, https:\/\/vivaelafonisi.com\/wp-content\/uploads\/2021\/08\/1627905696266-225x300.jpg 225w, https:\/\/vivaelafonisi.com\/wp-content\/uploads\/2021\/08\/1627905696266-1152x1536.jpg 1152w, https:\/\/vivaelafonisi.com\/wp-content\/uploads\/2021\/08\/1627905696266.jpg 750w\" sizes=\"(max-width: 768px) 100vw, 768px\" \/><figcaption class=\"wp-element-caption\">Viva Room<\/figcaption><\/figure>\n\n\n\n<figure class=\"wp-block-image size-large\"><img decoding=\"async\" width=\"768\" height=\"1024\" data-id=\"2257\" src=\"https:\/\/vivaelafonisi.com\/wp-content\/uploads\/2021\/08\/1627905696269-768x1024.jpg\" alt=\"\" class=\"wp-image-2257\" title=\"\" srcset=\"https:\/\/vivaelafonisi.com\/wp-content\/uploads\/2021\/08\/1627905696269-768x1024.jpg 768w, https:\/\/vivaelafonisi.com\/wp-content\/uploads\/2021\/08\/1627905696269-225x300.jpg 225w, https:\/\/vivaelafonisi.com\/wp-content\/uploads\/2021\/08\/1627905696269-1152x1536.jpg 1152w, https:\/\/vivaelafonisi.com\/wp-content\/uploads\/2021\/08\/1627905696269.jpg 750w\" sizes=\"(max-width: 768px) 100vw, 768px\" \/><figcaption class=\"wp-element-caption\">Viva House<\/figcaption><\/figure>\n\n\n\n<figure class=\"wp-block-image size-large\"><img decoding=\"async\" width=\"768\" height=\"1024\" data-id=\"2253\" src=\"https:\/\/vivaelafonisi.com\/wp-content\/uploads\/2021\/08\/1627905696262-768x1024.jpg\" alt=\"\" class=\"wp-image-2253\" title=\"\" srcset=\"https:\/\/vivaelafonisi.com\/wp-content\/uploads\/2021\/08\/1627905696262-768x1024.jpg 768w, https:\/\/vivaelafonisi.com\/wp-content\/uploads\/2021\/08\/1627905696262-225x300.jpg 225w, https:\/\/vivaelafonisi.com\/wp-content\/uploads\/2021\/08\/1627905696262-1152x1536.jpg 1152w, https:\/\/vivaelafonisi.com\/wp-content\/uploads\/2021\/08\/1627905696262.jpg 750w\" sizes=\"(max-width: 768px) 100vw, 768px\" \/><figcaption class=\"wp-element-caption\">Elafonisos Room<\/figcaption><\/figure>\n<\/figure>\n\n\n\n<hr class=\"wp-block-separator has-css-opacity\"\/>\n\n\n\n<ol class=\"wp-block-list\">\n<li>1. Ziehen Sie die Kunststoffabdeckung von oben ab, um das Tastenfeld freizulegen<\/li>\n<\/ol>\n\n\n\n<figure class=\"wp-block-image size-large is-resized\"><img decoding=\"async\" width=\"768\" height=\"1024\" src=\"https:\/\/vivaelafonisi.com\/wp-content\/uploads\/2021\/06\/1623405880398-768x1024.jpg\" alt=\"\" class=\"wp-image-2213\" style=\"width:384px;height:512px\" title=\"\" srcset=\"https:\/\/vivaelafonisi.com\/wp-content\/uploads\/2021\/06\/1623405880398-768x1024.jpg 768w, https:\/\/vivaelafonisi.com\/wp-content\/uploads\/2021\/06\/1623405880398-225x300.jpg 225w, https:\/\/vivaelafonisi.com\/wp-content\/uploads\/2021\/06\/1623405880398-1152x1536.jpg 1152w, https:\/\/vivaelafonisi.com\/wp-content\/uploads\/2021\/06\/1623405880398.jpg 750w\" sizes=\"(max-width: 768px) 100vw, 768px\" \/><\/figure>\n\n\n\n<figure class=\"wp-block-image size-large is-resized\"><img decoding=\"async\" width=\"768\" height=\"1024\" src=\"https:\/\/vivaelafonisi.com\/wp-content\/uploads\/2021\/06\/1623405880390-768x1024.jpg\" alt=\"\" class=\"wp-image-2225\" style=\"width:384px;height:512px\" title=\"\" srcset=\"https:\/\/vivaelafonisi.com\/wp-content\/uploads\/2021\/06\/1623405880390-768x1024.jpg 768w, https:\/\/vivaelafonisi.com\/wp-content\/uploads\/2021\/06\/1623405880390-225x300.jpg 225w, https:\/\/vivaelafonisi.com\/wp-content\/uploads\/2021\/06\/1623405880390-1152x1536.jpg 1152w, https:\/\/vivaelafonisi.com\/wp-content\/uploads\/2021\/06\/1623405880390.jpg 750w\" sizes=\"(max-width: 768px) 100vw, 768px\" \/><\/figure>\n\n\n\n<p>2. Verwenden Sie den Code, den Sie per E-Mail erhalten haben, indem Sie die Zahlen auf dem Tastenfeld drehen.<\/p>\n\n\n\n<p>3. Wenn Sie den richtigen Code eingestellt haben, ziehen Sie den schwarzen Hebel an der Oberseite, um die Box zu \u00f6ffnen.<\/p>\n\n\n\n<figure class=\"wp-block-image size-large is-resized\"><img decoding=\"async\" width=\"768\" height=\"1024\" src=\"https:\/\/vivaelafonisi.com\/wp-content\/uploads\/2021\/06\/1623405880394-768x1024.jpg\" alt=\"\" class=\"wp-image-2229\" style=\"width:384px;height:512px\" title=\"\" srcset=\"https:\/\/vivaelafonisi.com\/wp-content\/uploads\/2021\/06\/1623405880394-768x1024.jpg 768w, https:\/\/vivaelafonisi.com\/wp-content\/uploads\/2021\/06\/1623405880394-225x300.jpg 225w, https:\/\/vivaelafonisi.com\/wp-content\/uploads\/2021\/06\/1623405880394-1152x1536.jpg 1152w, https:\/\/vivaelafonisi.com\/wp-content\/uploads\/2021\/06\/1623405880394.jpg 750w\" sizes=\"(max-width: 768px) 100vw, 768px\" \/><\/figure>\n\n\n\n<figure class=\"wp-block-image size-large is-resized\"><img decoding=\"async\" width=\"768\" height=\"1024\" src=\"https:\/\/vivaelafonisi.com\/wp-content\/uploads\/2021\/06\/1623405880387-768x1024.jpg\" alt=\"\" class=\"wp-image-2233\" style=\"width:384px;height:512px\" title=\"\" srcset=\"https:\/\/vivaelafonisi.com\/wp-content\/uploads\/2021\/06\/1623405880387-768x1024.jpg 768w, https:\/\/vivaelafonisi.com\/wp-content\/uploads\/2021\/06\/1623405880387-225x300.jpg 225w, https:\/\/vivaelafonisi.com\/wp-content\/uploads\/2021\/06\/1623405880387-1152x1536.jpg 1152w, https:\/\/vivaelafonisi.com\/wp-content\/uploads\/2021\/06\/1623405880387.jpg 750w\" sizes=\"(max-width: 768px) 100vw, 768px\" \/><\/figure>\n\n\n\n<p>Das war&#8217;s! Sollte sich die Box nicht \u00f6ffnen, \u00fcberpr\u00fcfen Sie bitte, ob Sie den richtigen Code verwendet haben.<\/p>\n\n\n\n<p>Sollten Sie irgendwelche Schwierigkeiten haben, k\u00f6nnen Sie uns telefonisch oder per WhatsApp kontaktieren:<\/p>\n\n\n\n<p><a href=\"tel:00306945512424\">+306945512424<\/a> oder per E-Mail an <a href=\"mailto:info@vivaelafonisi.com\">info@vivaelafonisi.com<\/a><\/p>\n<\/div>\n<\/div>\n","protected":false},"excerpt":{"rendered":"<p>Sie m\u00fcssen sich keine Sorgen um Ihre Ankunftszeit machen. Sie k\u00f6nnen selbst einchecken, wenn es f\u00fcr Sie bequem ist.<\/p>\n","protected":false},"author":1,"featured_media":2226,"parent":0,"menu_order":0,"comment_status":"closed","ping_status":"closed","template":"","meta":{"_acf_changed":false,"_coblocks_attr":"","_coblocks_dimensions":"","_coblocks_responsive_height":"","_coblocks_accordion_ie_support":"","_uag_custom_page_level_css":"","footnotes":""},"class_list":["post-2275","page","type-page","status-publish","has-post-thumbnail","hentry"],"acf":[],"uagb_featured_image_src":{"full":["https:\/\/vivaelafonisi.com\/wp-content\/uploads\/2021\/06\/1623405880390.jpg",750,1000,false],"thumbnail":["https:\/\/vivaelafonisi.com\/wp-content\/uploads\/2021\/06\/1623405880390-150x150.jpg",150,150,true],"medium":["https:\/\/vivaelafonisi.com\/wp-content\/uploads\/2021\/06\/1623405880390-225x300.jpg",225,300,true],"medium_large":["https:\/\/vivaelafonisi.com\/wp-content\/uploads\/2021\/06\/1623405880390-768x1024.jpg",768,1024,true],"large":["https:\/\/vivaelafonisi.com\/wp-content\/uploads\/2021\/06\/1623405880390-768x1024.jpg",768,1024,true],"1536x1536":["https:\/\/vivaelafonisi.com\/wp-content\/uploads\/2021\/06\/1623405880390-1152x1536.jpg",1152,1536,true],"2048x2048":["https:\/\/vivaelafonisi.com\/wp-content\/uploads\/2021\/06\/1623405880390.jpg",750,1000,false],"tenweb_optimizer_mobile":["https:\/\/vivaelafonisi.com\/wp-content\/uploads\/2021\/06\/1623405880390-320x640.jpg",300,600,true],"tenweb_optimizer_tablet":["https:\/\/vivaelafonisi.com\/wp-content\/uploads\/2021\/06\/1623405880390-768x1024.jpg",768,1024,true]},"uagb_author_info":{"display_name":"manos","author_link":"https:\/\/vivaelafonisi.com\/de\/author\/manos\/"},"uagb_comment_info":0,"uagb_excerpt":"Sie m\u00fcssen sich keine Sorgen um Ihre Ankunftszeit machen. Sie k\u00f6nnen selbst einchecken, wenn es f\u00fcr Sie bequem ist.","_links":{"self":[{"href":"https:\/\/vivaelafonisi.com\/de\/wp-json\/wp\/v2\/pages\/2275","targetHints":{"allow":["GET"]}}],"collection":[{"href":"https:\/\/vivaelafonisi.com\/de\/wp-json\/wp\/v2\/pages"}],"about":[{"href":"https:\/\/vivaelafonisi.com\/de\/wp-json\/wp\/v2\/types\/page"}],"author":[{"embeddable":true,"href":"https:\/\/vivaelafonisi.com\/de\/wp-json\/wp\/v2\/users\/1"}],"replies":[{"embeddable":true,"href":"https:\/\/vivaelafonisi.com\/de\/wp-json\/wp\/v2\/comments?post=2275"}],"version-history":[{"count":0,"href":"https:\/\/vivaelafonisi.com\/de\/wp-json\/wp\/v2\/pages\/2275\/revisions"}],"wp:featuredmedia":[{"embeddable":true,"href":"https:\/\/vivaelafonisi.com\/de\/wp-json\/wp\/v2\/media\/2226"}],"wp:attachment":[{"href":"https:\/\/vivaelafonisi.com\/de\/wp-json\/wp\/v2\/media?parent=2275"}],"curies":[{"name":"wp","href":"https:\/\/api.w.org\/{rel}","templated":true}]}}