{"id":1845,"date":"2020-12-05T10:48:46","date_gmt":"2020-12-05T10:48:46","guid":{"rendered":"http:\/\/vivaelafonisi.com\/?page_id=1845"},"modified":"2020-12-13T15:30:15","modified_gmt":"2020-12-13T15:30:15","slug":"towels-bed-linens","status":"publish","type":"page","link":"https:\/\/vivaelafonisi.com\/de\/towels-bed-linens\/","title":{"rendered":"Handt\u00fccher &#038; Bettw\u00e4sche"},"content":{"rendered":"","protected":false},"excerpt":{"rendered":"<p>Saubere Handt\u00fccher und Bettw\u00e4sche warten in jedem Zimmer auf Sie! Es ist wichtig, in einem sauberen und ordentlichen Zimmer zu bleiben, und das wissen wir auch!<\/p>\n<p id=\"photo-gallery\">\n","protected":false},"author":1,"featured_media":683,"parent":0,"menu_order":0,"comment_status":"closed","ping_status":"closed","template":"","meta":{"_acf_changed":false,"_coblocks_attr":"","_coblocks_dimensions":"","_coblocks_responsive_height":"","_coblocks_accordion_ie_support":"","_uag_custom_page_level_css":"","footnotes":""},"class_list":["post-1845","page","type-page","status-publish","has-post-thumbnail","hentry"],"acf":[],"uagb_featured_image_src":{"full":["https:\/\/vivaelafonisi.com\/wp-content\/uploads\/revslider\/elafonisos-room\/elafonisos_room_15.jpg",1500,994,false],"thumbnail":["https:\/\/vivaelafonisi.com\/wp-content\/uploads\/revslider\/elafonisos-room\/elafonisos_room_15.jpg",150,99,false],"medium":["https:\/\/vivaelafonisi.com\/wp-content\/uploads\/revslider\/elafonisos-room\/elafonisos_room_15.jpg",300,199,false],"medium_large":["https:\/\/vivaelafonisi.com\/wp-content\/uploads\/revslider\/elafonisos-room\/elafonisos_room_15.jpg",768,509,false],"large":["https:\/\/vivaelafonisi.com\/wp-content\/uploads\/revslider\/elafonisos-room\/elafonisos_room_15.jpg",1024,679,false],"1536x1536":["https:\/\/vivaelafonisi.com\/wp-content\/uploads\/revslider\/elafonisos-room\/elafonisos_room_15.jpg",1500,994,false],"2048x2048":["https:\/\/vivaelafonisi.com\/wp-content\/uploads\/revslider\/elafonisos-room\/elafonisos_room_15.jpg",1500,994,false],"tenweb_optimizer_mobile":["https:\/\/vivaelafonisi.com\/wp-content\/uploads\/revslider\/elafonisos-room\/elafonisos_room_15.jpg",600,398,false],"tenweb_optimizer_tablet":["https:\/\/vivaelafonisi.com\/wp-content\/uploads\/revslider\/elafonisos-room\/elafonisos_room_15-768x994.jpg",768,994,true]},"uagb_author_info":{"display_name":"manos","author_link":"https:\/\/vivaelafonisi.com\/de\/author\/manos\/"},"uagb_comment_info":0,"uagb_excerpt":"Saubere Handt\u00fccher und Bettw\u00e4sche warten in jedem Zimmer auf Sie! Es ist wichtig, in einem sauberen und ordentlichen Zimmer zu bleiben, und das wissen wir auch!","_links":{"self":[{"href":"https:\/\/vivaelafonisi.com\/de\/wp-json\/wp\/v2\/pages\/1845","targetHints":{"allow":["GET"]}}],"collection":[{"href":"https:\/\/vivaelafonisi.com\/de\/wp-json\/wp\/v2\/pages"}],"about":[{"href":"https:\/\/vivaelafonisi.com\/de\/wp-json\/wp\/v2\/types\/page"}],"author":[{"embeddable":true,"href":"https:\/\/vivaelafonisi.com\/de\/wp-json\/wp\/v2\/users\/1"}],"replies":[{"embeddable":true,"href":"https:\/\/vivaelafonisi.com\/de\/wp-json\/wp\/v2\/comments?post=1845"}],"version-history":[{"count":0,"href":"https:\/\/vivaelafonisi.com\/de\/wp-json\/wp\/v2\/pages\/1845\/revisions"}],"wp:featuredmedia":[{"embeddable":true,"href":"https:\/\/vivaelafonisi.com\/de\/wp-json\/wp\/v2\/media\/683"}],"wp:attachment":[{"href":"https:\/\/vivaelafonisi.com\/de\/wp-json\/wp\/v2\/media?parent=1845"}],"curies":[{"name":"wp","href":"https:\/\/api.w.org\/{rel}","templated":true}]}}